{"id":1308,"date":"2023-03-10T14:35:45","date_gmt":"2023-03-10T14:35:45","guid":{"rendered":"https:\/\/cfsottawa.ca\/?page_id=1308"},"modified":"2023-03-22T13:57:47","modified_gmt":"2023-03-22T13:57:47","slug":"nos-engagements","status":"publish","type":"page","link":"https:\/\/cfsottawa.ca\/fr\/nos-engagements\/","title":{"rendered":"Nos engagements"},"content":{"rendered":"<p><div class=\"fusion-fullwidth fullwidth-box fusion-builder-row-1 fusion-flex-container has-pattern-background has-mask-background nonhundred-percent-fullwidth non-hundred-percent-height-scrolling\" style=\"--awb-border-radius-top-left:0px;--awb-border-radius-top-right:0px;--awb-border-radius-bottom-right:0px;--awb-border-radius-bottom-left:0px;--awb-padding-top:30px;--awb-padding-bottom:30px;--awb-background-color:var(--awb-color4);--awb-flex-wrap:wrap;\" ><div class=\"fusion-builder-row fusion-row fusion-flex-align-items-center fusion-flex-content-wrap\" style=\"max-width:910px;margin-left: calc(-4% \/ 2 );margin-right: calc(-4% \/ 2 );\"><div class=\"fusion-layout-column fusion_builder_column fusion-builder-column-0 fusion_builder_column_1_1 1_1 fusion-flex-column fusion-flex-align-self-center\" style=\"--awb-bg-size:cover;--awb-width-large:100%;--awb-margin-top-large:0px;--awb-spacing-right-large:1.92%;--awb-margin-bottom-large:20px;--awb-spacing-left-large:1.92%;--awb-width-medium:100%;--awb-order-medium:0;--awb-spacing-right-medium:1.92%;--awb-spacing-left-medium:1.92%;--awb-width-small:100%;--awb-order-small:0;--awb-spacing-right-small:1.92%;--awb-spacing-left-small:1.92%;\"><div class=\"fusion-column-wrapper fusion-column-has-shadow fusion-flex-justify-content-flex-start fusion-content-layout-column\"><div class=\"fusion-title title fusion-title-1 fusion-sep-none fusion-title-text fusion-title-size-one\" style=\"--awb-text-color:var(--awb-color1);--awb-margin-top:15px;--awb-margin-top-small:10px;--awb-margin-right-small:0px;--awb-margin-bottom-small:10px;--awb-margin-left-small:0px;\"><h1 class=\"fusion-title-heading title-heading-left fusion-responsive-typography-calculated\" style=\"margin:0;--fontSize:30;line-height:1.13;\">Nos engagements<\/h1><\/div><\/div><\/div><\/div><\/div><div class=\"fusion-fullwidth fullwidth-box fusion-builder-row-2 fusion-flex-container has-pattern-background has-mask-background nonhundred-percent-fullwidth non-hundred-percent-height-scrolling\" style=\"--awb-border-radius-top-left:0px;--awb-border-radius-top-right:0px;--awb-border-radius-bottom-right:0px;--awb-border-radius-bottom-left:0px;--awb-margin-top:60px;--awb-flex-wrap:wrap;\" ><div class=\"fusion-builder-row fusion-row fusion-flex-align-items-flex-start fusion-flex-content-wrap\" style=\"max-width:910px;margin-left: calc(-4% \/ 2 );margin-right: calc(-4% \/ 2 );\"><div class=\"fusion-layout-column fusion_builder_column fusion-builder-column-1 fusion_builder_column_1_1 1_1 fusion-flex-column\" style=\"--awb-bg-size:cover;--awb-width-large:100%;--awb-margin-top-large:0px;--awb-spacing-right-large:1.92%;--awb-margin-bottom-large:20px;--awb-spacing-left-large:1.92%;--awb-width-medium:100%;--awb-order-medium:0;--awb-spacing-right-medium:1.92%;--awb-spacing-left-medium:1.92%;--awb-width-small:100%;--awb-order-small:0;--awb-spacing-right-small:1.92%;--awb-spacing-left-small:1.92%;\"><div class=\"fusion-column-wrapper fusion-column-has-shadow fusion-flex-justify-content-flex-start fusion-content-layout-column\"><div class=\"fusion-title title fusion-title-2 fusion-sep-none fusion-title-text fusion-title-size-two\" style=\"--awb-margin-top-small:10px;--awb-margin-right-small:0px;--awb-margin-bottom-small:10px;--awb-margin-left-small:0px;\"><h2 class=\"fusion-title-heading title-heading-left fusion-responsive-typography-calculated\" style=\"margin:0;--fontSize:23;--minFontSize:23;line-height:1.22;\">RESPONSABILIT\u00c9<\/h2><\/div><div class=\"fusion-title title fusion-title-3 fusion-sep-none fusion-title-text fusion-title-size-three\" style=\"--awb-margin-top-small:10px;--awb-margin-right-small:0px;--awb-margin-bottom-small:10px;--awb-margin-left-small:0px;\"><h3 class=\"fusion-title-heading title-heading-left fusion-responsive-typography-calculated\" style=\"margin:0;--fontSize:23;--minFontSize:23;line-height:1.22;\">Inclusivit\u00e9<\/h3><\/div><div class=\"fusion-text fusion-text-1\"><p>Service familial et counseling Ottawa croit que la participation \u00e9quitable de tous cr\u00e9e des communaut\u00e9s solides et des milieux de travail solides, sains et dynamiques.<\/p>\n<p>Nous reconnaissons que la discrimination et l\u2019oppression existent dans notre soci\u00e9t\u00e9 et constituent des violations des droits de la personne et un abus de pouvoir.<\/p>\n<p>Les actes de discrimination et d\u2019oppression ne sont pas tol\u00e9r\u00e9s par cet organisme et des mesures imm\u00e9diates seront prises pour r\u00e9pondre \u00e0 toute all\u00e9gation de discrimination et d\u2019oppression.<\/p>\n<\/div><div class=\"fusion-title title fusion-title-4 fusion-sep-none fusion-title-text fusion-title-size-three\" style=\"--awb-margin-top-small:10px;--awb-margin-right-small:0px;--awb-margin-bottom-small:10px;--awb-margin-left-small:0px;\"><h3 class=\"fusion-title-heading title-heading-left fusion-responsive-typography-calculated\" style=\"margin:0;--fontSize:23;--minFontSize:23;line-height:1.22;\">Droits des clients<\/h3><\/div><div class=\"fusion-text fusion-text-2\"><p>Tous les clients de Service familial et counseling Ottawa ont les droits suivants :<\/p>\n<ul>\n<li>\u00catre trait\u00e9s honn\u00eatement, avec respect et dignit\u00e9, et sans discrimination, en tout temps.<\/li>\n<li>Recevoir des services d\u2019une mani\u00e8re professionnelle;<\/li>\n<li>Recevoir des renseignements sur le bar\u00e8me des frais de l\u2019organisme au d\u00e9but du service;<\/li>\n<li>Le droit \u00e0 la confidentialit\u00e9 de leurs renseignements personnels (sauf dans les cas o\u00f9 la loi exige leur divulgation);<\/li>\n<li>Le droit \u00e0 un environnement de service s\u00fbr et s\u00e9curis\u00e9;<\/li>\n<li>Le droit de soulever des questions concernant l\u2019agence, les services rendus ou l\u2019exp\u00e9rience;<\/li>\n<li>Le droit d\u2019\u00eatre inform\u00e9 de toutes les politiques et proc\u00e9dures importantes li\u00e9es aux services re\u00e7us de Service familial et counseling Ottawa;<\/li>\n<li>Le droit de donner son consentement \u00e9clair\u00e9 pour tous les services re\u00e7us;<\/li>\n<li>Le droit de conna\u00eetre le contenu de leur(s) dossier(s) et d\u2019y ajouter des \u00e9l\u00e9ments pour corriger les inexactitudes;<\/li>\n<li>Le droit d\u2019avoir acc\u00e8s aux services, quelles que soient leurs capacit\u00e9s.<\/li>\n<\/ul>\n<\/div><div class=\"fusion-title title fusion-title-5 fusion-sep-none fusion-title-text fusion-title-size-three\" style=\"--awb-margin-top-small:10px;--awb-margin-right-small:0px;--awb-margin-bottom-small:10px;--awb-margin-left-small:0px;\"><h3 class=\"fusion-title-heading title-heading-left fusion-responsive-typography-calculated\" style=\"margin:0;--fontSize:23;--minFontSize:23;line-height:1.22;\">Responsabilit\u00e9s des clients<\/h3><\/div><div class=\"fusion-text fusion-text-3\"><p>Tous les clients de Service familial et counseling ont les responsabilit\u00e9s suivantes :<\/p>\n<ul>\n<li>Participer au maximum de leur potentiel aux services fournis;<\/li>\n<li>Traiter tout le personnel, les b\u00e9n\u00e9voles, les autres clients et les biens avec respect et sans discrimination, harc\u00e8lement ou violence<\/li>\n<li>Payer les frais de service exigibles;<\/li>\n<li>Se pr\u00e9senter au rendez-vous comme pr\u00e9vu et donner un pr\u00e9avis suffisant s\u2019ils ne peuvent pas se pr\u00e9senter \u00e0 un rendez-vous;<\/li>\n<li>Garder confidentielle toute information qu\u2019ils apprennent sur d\u2019autres personnes pendant leur s\u00e9jour \u00e0 Service familial et counseling Ottawa.<\/li>\n<\/ul>\n<\/div><div class=\"fusion-title title fusion-title-6 fusion-sep-none fusion-title-text fusion-title-size-three\" style=\"--awb-margin-top-small:10px;--awb-margin-right-small:0px;--awb-margin-bottom-small:10px;--awb-margin-left-small:0px;\"><h3 class=\"fusion-title-heading title-heading-left fusion-responsive-typography-calculated\" style=\"margin:0;--fontSize:23;--minFontSize:23;line-height:1.22;\">Plaintes ou pr\u00e9occupations<\/h3><\/div><div class=\"fusion-text fusion-text-4\"><p>Les plaintes peuvent \u00eatre d\u00e9pos\u00e9es par des clients, des participants ou par le grand public. L\u2019Agence traite ces communications avec s\u00e9rieux en tout temps et y r\u00e9pondra selon les besoins et dans le respect des politiques de confidentialit\u00e9 de l\u2019Agence.<\/p>\n<p>Les clients ont le droit de soulever des questions concernant leur exp\u00e9rience de counseling, les services re\u00e7us ou toute d\u00e9cision prise, en communiquant avec leur intervenant(e) pour rem\u00e9dier \u00e0 la situation. Si le probl\u00e8me n\u2019est pas r\u00e9solu ou si le client n\u2019est pas satisfait, la plainte est renvoy\u00e9e au superviseur de l\u2019intervenant(e).<\/p>\n<p>Les plaintes qui n\u2019ont pas pu \u00eatre r\u00e9gl\u00e9es au premier ou au deuxi\u00e8me niveau sont envoy\u00e9es \u00e0 la Directrice g\u00e9n\u00e9rale.<\/p>\n<p>Si la Directrice g\u00e9n\u00e9rale ne peut pas r\u00e9soudre la plainte, celle-ci est transmise \u00e0 la pr\u00e9sidente du conseil d\u2019administration.<\/p>\n<p>Si la plainte concerne la Directrice g\u00e9n\u00e9rale, elle est transmise directement \u00e0 la pr\u00e9sidente du conseil d\u2019administration et contourne la proc\u00e9dure habituelle.<\/p>\n<p>Il s\u2019agit de la derni\u00e8re \u00e9tape de r\u00e9solution de la plainte. Le client sera tenu inform\u00e9 de l\u2019\u00e9volution de sa plainte \u00e0 tous les niveaux.<\/p>\n<\/div><\/div><\/div><\/div><\/div><div class=\"fusion-fullwidth fullwidth-box fusion-builder-row-3 fusion-flex-container has-pattern-background has-mask-background nonhundred-percent-fullwidth non-hundred-percent-height-scrolling\" style=\"--awb-border-radius-top-left:0px;--awb-border-radius-top-right:0px;--awb-border-radius-bottom-right:0px;--awb-border-radius-bottom-left:0px;--awb-padding-top:50px;--awb-padding-bottom:50px;--awb-margin-top:40px;--awb-background-color:var(--awb-color2);--awb-flex-wrap:wrap;\" ><div class=\"fusion-builder-row fusion-row fusion-flex-align-items-flex-start fusion-flex-content-wrap\" style=\"max-width:910px;margin-left: calc(-4% \/ 2 );margin-right: calc(-4% \/ 2 );\"><div class=\"fusion-layout-column fusion_builder_column fusion-builder-column-2 fusion_builder_column_1_1 1_1 fusion-flex-column\" style=\"--awb-bg-size:cover;--awb-width-large:100%;--awb-margin-top-large:0px;--awb-spacing-right-large:1.92%;--awb-margin-bottom-large:20px;--awb-spacing-left-large:1.92%;--awb-width-medium:100%;--awb-order-medium:0;--awb-spacing-right-medium:1.92%;--awb-spacing-left-medium:1.92%;--awb-width-small:100%;--awb-order-small:0;--awb-spacing-right-small:1.92%;--awb-spacing-left-small:1.92%;\"><div class=\"fusion-column-wrapper fusion-column-has-shadow fusion-flex-justify-content-flex-start fusion-content-layout-column\"><div class=\"fusion-title title fusion-title-7 fusion-sep-none fusion-title-text fusion-title-size-two\" style=\"--awb-margin-top-small:10px;--awb-margin-right-small:0px;--awb-margin-bottom-small:10px;--awb-margin-left-small:0px;\"><h2 class=\"fusion-title-heading title-heading-left fusion-responsive-typography-calculated\" style=\"margin:0;text-transform:uppercase;--fontSize:23;--minFontSize:23;line-height:1.22;\">Politique protection de la vie priv\u00e9e<\/h2><\/div><div class=\"fusion-text fusion-text-5\"><p>Service familial et counseling Ottawa s\u2019engage \u00e0 prot\u00e9ger la vie priv\u00e9e des personnes et les renseignements personnels utilis\u00e9s, recueillis ou divulgu\u00e9s au sujet de ces personnes. SFC est responsable envers ses clients, ses employ\u00e9s, ses b\u00e9n\u00e9voles, ses services, ses bailleurs de fonds et le public et traite donc tous les renseignements qui lui sont confi\u00e9s avec la plus grande confidentialit\u00e9 et le plus grand respect de la vie priv\u00e9e.<\/p>\n<p>Service familial et counseling Ottawa adh\u00e8re strictement \u00e0 la l\u00e9gislation actuelle r\u00e9gissant la protection des renseignements personnels (Loi sur la protection des renseignements personnels sur la sant\u00e9). Les renseignements que nous recueillons sont utilis\u00e9s pour\u00a0:<\/p>\n<ul>\n<li>S\u2019assurer que nous pouvons communiquer avec vous.<\/li>\n<li>Maintenir notre responsabilit\u00e9 en tant que fournisseur de services.<\/li>\n<li>Veiller \u00e0 ce que les normes de s\u00e9curit\u00e9, juridiques et \u00e9thiques soient respect\u00e9es<\/li>\n<li>\u00c9valuer la qualit\u00e9 des services fournis et l\u2019efficacit\u00e9 des r\u00e9sultats.<\/li>\n<li>Tous les dossiers et donn\u00e9es cliniques sont la propri\u00e9t\u00e9 exclusive de la SFC-CFS et sont stock\u00e9s dans un endroit s\u00fbr ou sur un serveur s\u00e9curis\u00e9. Toute question ou pr\u00e9occupation peut \u00eatre adress\u00e9e directement \u00e0 l\u2019agent de protection de la vie priv\u00e9e.<\/li>\n<\/ul>\n<p>Service familial et counseling Ottawa est le seul propri\u00e9taire des renseignements recueillis sur ce site. SFC n\u2019a acc\u00e8s qu\u2019aux renseignements que vous lui donnez volontairement par courriel ou par tout autre contact direct avec vous. SFC ne vendra ni ne louera ces renseignements \u00e0 quiconque.<\/p>\n<p>\u00c0 moins que vous ne nous demandiez de ne pas le faire, il se peut que nous communiquions avec vous par courriel \u00e0 l\u2019avenir pour vous informer des offres sp\u00e9ciales, des nouveaux services ou des modifications apport\u00e9es \u00e0 la pr\u00e9sente politique de confidentialit\u00e9.<\/p>\n<\/div><\/div><\/div><\/div><\/div><div class=\"fusion-fullwidth fullwidth-box fusion-builder-row-4 fusion-flex-container has-pattern-background has-mask-background nonhundred-percent-fullwidth non-hundred-percent-height-scrolling\" style=\"--awb-border-radius-top-left:0px;--awb-border-radius-top-right:0px;--awb-border-radius-bottom-right:0px;--awb-border-radius-bottom-left:0px;--awb-margin-top:40px;--awb-background-color:var(--awb-color1);--awb-flex-wrap:wrap;\" ><div class=\"fusion-builder-row fusion-row fusion-flex-align-items-flex-start fusion-flex-content-wrap\" style=\"max-width:910px;margin-left: calc(-4% \/ 2 );margin-right: calc(-4% \/ 2 );\"><div class=\"fusion-layout-column fusion_builder_column fusion-builder-column-3 fusion_builder_column_1_1 1_1 fusion-flex-column\" style=\"--awb-bg-size:cover;--awb-width-large:100%;--awb-margin-top-large:0px;--awb-spacing-right-large:1.92%;--awb-margin-bottom-large:20px;--awb-spacing-left-large:1.92%;--awb-width-medium:100%;--awb-order-medium:0;--awb-spacing-right-medium:1.92%;--awb-spacing-left-medium:1.92%;--awb-width-small:100%;--awb-order-small:0;--awb-spacing-right-small:1.92%;--awb-spacing-left-small:1.92%;\"><div class=\"fusion-column-wrapper fusion-column-has-shadow fusion-flex-justify-content-flex-start fusion-content-layout-column\"><div class=\"fusion-title title fusion-title-8 fusion-sep-none fusion-title-text fusion-title-size-two\" style=\"--awb-margin-top-small:10px;--awb-margin-right-small:0px;--awb-margin-bottom-small:10px;--awb-margin-left-small:0px;\"><h2 class=\"fusion-title-heading title-heading-left fusion-responsive-typography-calculated\" style=\"margin:0;--fontSize:23;--minFontSize:23;line-height:1.22;\">POLITIQUE DE CONFIDENTIALIT\u00c9<\/h2><\/div><div class=\"fusion-text fusion-text-6\"><p>Toutes les notes, toutes les communications et tous les dossiers cr\u00e9\u00e9s par Service familial et counseling Ottawa au cours de votre participation en tant que client sont gard\u00e9s en s\u00e9curit\u00e9 et confidentiels et ne peuvent \u00eatre partag\u00e9s qu\u2019avec votre consentement. L\u2019organisme tient un registre de tous les rendez-vous et visites. L\u2019information peut \u00eatre partag\u00e9e au sein de SFC \u00e0 des fins de gestion de cas, d\u2019assurance de la qualit\u00e9 et d\u2019admissibilit\u00e9. Toute information concernant un client est conserv\u00e9e au sein de l\u2019agence dans la plus stricte confidentialit\u00e9.<\/p>\n<p>Il existe quelques exceptions \u00e0 la confidentialit\u00e9 lorsque la loi exige que nos dossiers soient divulgu\u00e9s dans des conditions strictes. Dans les situations suivantes, la loi exige que des rapports soient \u00e9tablis et que des informations soient divulgu\u00e9es\u00a0:<\/p>\n<ul>\n<li>Soup\u00e7on d\u2019abus sur un enfant<\/li>\n<li>Tout danger pour la vie d\u2019un client ou d\u2019un tiers (menace de suicide, menace envers autrui)<\/li>\n<li>Ordonnances judiciaires et citations \u00e0 compara\u00eetre<\/li>\n<\/ul>\n<\/div><\/div><\/div><\/div><\/div><div class=\"fusion-fullwidth fullwidth-box fusion-builder-row-5 fusion-flex-container has-pattern-background has-mask-background nonhundred-percent-fullwidth non-hundred-percent-height-scrolling\" style=\"--awb-border-radius-top-left:0px;--awb-border-radius-top-right:0px;--awb-border-radius-bottom-right:0px;--awb-border-radius-bottom-left:0px;--awb-padding-top:50px;--awb-padding-left:50px;--awb-margin-top:40px;--awb-background-color:#f7f7fc;--awb-flex-wrap:wrap;\" ><div class=\"fusion-builder-row fusion-row fusion-flex-align-items-flex-start fusion-flex-content-wrap\" style=\"max-width:910px;margin-left: calc(-4% \/ 2 );margin-right: calc(-4% \/ 2 );\"><div class=\"fusion-layout-column fusion_builder_column fusion-builder-column-4 fusion_builder_column_1_1 1_1 fusion-flex-column\" style=\"--awb-bg-size:cover;--awb-width-large:100%;--awb-margin-top-large:0px;--awb-spacing-right-large:1.92%;--awb-margin-bottom-large:20px;--awb-spacing-left-large:1.92%;--awb-width-medium:100%;--awb-order-medium:0;--awb-spacing-right-medium:1.92%;--awb-spacing-left-medium:1.92%;--awb-width-small:100%;--awb-order-small:0;--awb-spacing-right-small:1.92%;--awb-spacing-left-small:1.92%;\"><div class=\"fusion-column-wrapper fusion-column-has-shadow fusion-flex-justify-content-flex-start fusion-content-layout-column\"><div class=\"fusion-title title fusion-title-9 fusion-sep-none fusion-title-text fusion-title-size-two\" style=\"--awb-margin-top-small:10px;--awb-margin-right-small:0px;--awb-margin-bottom-small:10px;--awb-margin-left-small:0px;\"><h2 class=\"fusion-title-heading title-heading-left fusion-responsive-typography-calculated\" style=\"margin:0;--fontSize:23;--minFontSize:23;line-height:1.22;\">ACCESSIBILIT\u00c9<\/h2><\/div><div class=\"fusion-text fusion-text-7\"><p>\u00c0 Service familial et counseling Ottawa, nous nous engageons \u00e0 faire en sorte que nos programmes et services soient accessibles aux personnes ayant un handicap physique ou mental. Dans la mesure du possible, nous avons mis en \u0153uvre des mesures pour rep\u00e9rer et \u00e9liminer les obstacles en ce qui concerne les biens, les services, les installations, l\u2019h\u00e9bergement, l\u2019emploi, les b\u00e2timents, les structures, les locaux et la propri\u00e9t\u00e9.<\/p>\n<\/div><\/div><\/div><\/div><\/div><\/p>\n","protected":false},"excerpt":{"rendered":"","protected":false},"author":1,"featured_media":0,"parent":0,"menu_order":0,"comment_status":"closed","ping_status":"closed","template":"100-width.php","meta":{"_acf_changed":false,"footnotes":""},"class_list":["post-1308","page","type-page","status-publish","hentry"],"acf":[],"yoast_head":"<!-- This site is optimized with the Yoast SEO plugin v27.4 - https:\/\/yoast.com\/product\/yoast-seo-wordpress\/ -->\n<title>Nos engagements - SFC Ottawa<\/title>\n<meta name=\"robots\" content=\"index, follow, max-snippet:-1, max-image-preview:large, max-video-preview:-1\" \/>\n<link rel=\"canonical\" href=\"https:\/\/cfsottawa.ca\/fr\/nos-engagements\/\" \/>\n<meta property=\"og:locale\" content=\"fr_FR\" \/>\n<meta property=\"og:type\" content=\"article\" \/>\n<meta property=\"og:title\" content=\"Nos engagements - SFC Ottawa\" \/>\n<meta property=\"og:url\" content=\"https:\/\/cfsottawa.ca\/fr\/nos-engagements\/\" \/>\n<meta property=\"og:site_name\" content=\"SFC Ottawa\" \/>\n<meta property=\"article:publisher\" content=\"https:\/\/www.facebook.com\/CFSOttawa\" \/>\n<meta property=\"article:modified_time\" content=\"2023-03-22T13:57:47+00:00\" \/>\n<meta name=\"twitter:card\" content=\"summary_large_image\" \/>\n<meta name=\"twitter:site\" content=\"@cfs_ottawa\" \/>\n<meta name=\"twitter:label1\" content=\"Dur\u00e9e de lecture estim\u00e9e\" \/>\n\t<meta name=\"twitter:data1\" content=\"15 minutes\" \/>\n<script type=\"application\/ld+json\" class=\"yoast-schema-graph\">{\"@context\":\"https:\\\/\\\/schema.org\",\"@graph\":[{\"@type\":\"WebPage\",\"@id\":\"https:\\\/\\\/cfsottawa.ca\\\/fr\\\/nos-engagements\\\/\",\"url\":\"https:\\\/\\\/cfsottawa.ca\\\/fr\\\/nos-engagements\\\/\",\"name\":\"Nos engagements - SFC Ottawa\",\"isPartOf\":{\"@id\":\"https:\\\/\\\/cfsottawa.ca\\\/#website\"},\"datePublished\":\"2023-03-10T14:35:45+00:00\",\"dateModified\":\"2023-03-22T13:57:47+00:00\",\"inLanguage\":\"fr-FR\",\"potentialAction\":[{\"@type\":\"ReadAction\",\"target\":[\"https:\\\/\\\/cfsottawa.ca\\\/fr\\\/nos-engagements\\\/\"]}]},{\"@type\":\"WebSite\",\"@id\":\"https:\\\/\\\/cfsottawa.ca\\\/#website\",\"url\":\"https:\\\/\\\/cfsottawa.ca\\\/\",\"name\":\"SFC Ottawa\",\"description\":\"Soutien communautaire pour les individus de tous \u00e2ges, les couples et les familles et soutien aux survivantes de la violence fond\u00e9e sur le genre.\",\"publisher\":{\"@id\":\"https:\\\/\\\/cfsottawa.ca\\\/#organization\"},\"potentialAction\":[{\"@type\":\"SearchAction\",\"target\":{\"@type\":\"EntryPoint\",\"urlTemplate\":\"https:\\\/\\\/cfsottawa.ca\\\/?s={search_term_string}\"},\"query-input\":{\"@type\":\"PropertyValueSpecification\",\"valueRequired\":true,\"valueName\":\"search_term_string\"}}],\"inLanguage\":\"fr-FR\"},{\"@type\":\"Organization\",\"@id\":\"https:\\\/\\\/cfsottawa.ca\\\/#organization\",\"name\":\"CFS Ottawa\",\"url\":\"https:\\\/\\\/cfsottawa.ca\\\/\",\"logo\":{\"@type\":\"ImageObject\",\"inLanguage\":\"fr-FR\",\"@id\":\"https:\\\/\\\/cfsottawa.ca\\\/#\\\/schema\\\/logo\\\/image\\\/\",\"url\":\"https:\\\/\\\/cfsottawa.ca\\\/wp-content\\\/uploads\\\/2023\\\/01\\\/CFSOttawa_400px-1.svg\",\"contentUrl\":\"https:\\\/\\\/cfsottawa.ca\\\/wp-content\\\/uploads\\\/2023\\\/01\\\/CFSOttawa_400px-1.svg\",\"width\":400,\"height\":400,\"caption\":\"CFS Ottawa\"},\"image\":{\"@id\":\"https:\\\/\\\/cfsottawa.ca\\\/#\\\/schema\\\/logo\\\/image\\\/\"},\"sameAs\":[\"https:\\\/\\\/www.facebook.com\\\/CFSOttawa\",\"https:\\\/\\\/x.com\\\/cfs_ottawa\",\"https:\\\/\\\/www.instagram.com\\\/cfsottawa\\\/\"]}]}<\/script>\n<!-- \/ Yoast SEO plugin. -->","yoast_head_json":{"title":"Nos engagements - SFC Ottawa","robots":{"index":"index","follow":"follow","max-snippet":"max-snippet:-1","max-image-preview":"max-image-preview:large","max-video-preview":"max-video-preview:-1"},"canonical":"https:\/\/cfsottawa.ca\/fr\/nos-engagements\/","og_locale":"fr_FR","og_type":"article","og_title":"Nos engagements - SFC Ottawa","og_url":"https:\/\/cfsottawa.ca\/fr\/nos-engagements\/","og_site_name":"SFC Ottawa","article_publisher":"https:\/\/www.facebook.com\/CFSOttawa","article_modified_time":"2023-03-22T13:57:47+00:00","twitter_card":"summary_large_image","twitter_site":"@cfs_ottawa","twitter_misc":{"Dur\u00e9e de lecture estim\u00e9e":"15 minutes"},"schema":{"@context":"https:\/\/schema.org","@graph":[{"@type":"WebPage","@id":"https:\/\/cfsottawa.ca\/fr\/nos-engagements\/","url":"https:\/\/cfsottawa.ca\/fr\/nos-engagements\/","name":"Nos engagements - SFC Ottawa","isPartOf":{"@id":"https:\/\/cfsottawa.ca\/#website"},"datePublished":"2023-03-10T14:35:45+00:00","dateModified":"2023-03-22T13:57:47+00:00","inLanguage":"fr-FR","potentialAction":[{"@type":"ReadAction","target":["https:\/\/cfsottawa.ca\/fr\/nos-engagements\/"]}]},{"@type":"WebSite","@id":"https:\/\/cfsottawa.ca\/#website","url":"https:\/\/cfsottawa.ca\/","name":"SFC Ottawa","description":"Soutien communautaire pour les individus de tous \u00e2ges, les couples et les familles et soutien aux survivantes de la violence fond\u00e9e sur le genre.","publisher":{"@id":"https:\/\/cfsottawa.ca\/#organization"},"potentialAction":[{"@type":"SearchAction","target":{"@type":"EntryPoint","urlTemplate":"https:\/\/cfsottawa.ca\/?s={search_term_string}"},"query-input":{"@type":"PropertyValueSpecification","valueRequired":true,"valueName":"search_term_string"}}],"inLanguage":"fr-FR"},{"@type":"Organization","@id":"https:\/\/cfsottawa.ca\/#organization","name":"CFS Ottawa","url":"https:\/\/cfsottawa.ca\/","logo":{"@type":"ImageObject","inLanguage":"fr-FR","@id":"https:\/\/cfsottawa.ca\/#\/schema\/logo\/image\/","url":"https:\/\/cfsottawa.ca\/wp-content\/uploads\/2023\/01\/CFSOttawa_400px-1.svg","contentUrl":"https:\/\/cfsottawa.ca\/wp-content\/uploads\/2023\/01\/CFSOttawa_400px-1.svg","width":400,"height":400,"caption":"CFS Ottawa"},"image":{"@id":"https:\/\/cfsottawa.ca\/#\/schema\/logo\/image\/"},"sameAs":["https:\/\/www.facebook.com\/CFSOttawa","https:\/\/x.com\/cfs_ottawa","https:\/\/www.instagram.com\/cfsottawa\/"]}]}},"_links":{"self":[{"href":"https:\/\/cfsottawa.ca\/fr\/wp-json\/wp\/v2\/pages\/1308","targetHints":{"allow":["GET"]}}],"collection":[{"href":"https:\/\/cfsottawa.ca\/fr\/wp-json\/wp\/v2\/pages"}],"about":[{"href":"https:\/\/cfsottawa.ca\/fr\/wp-json\/wp\/v2\/types\/page"}],"author":[{"embeddable":true,"href":"https:\/\/cfsottawa.ca\/fr\/wp-json\/wp\/v2\/users\/1"}],"replies":[{"embeddable":true,"href":"https:\/\/cfsottawa.ca\/fr\/wp-json\/wp\/v2\/comments?post=1308"}],"version-history":[{"count":2,"href":"https:\/\/cfsottawa.ca\/fr\/wp-json\/wp\/v2\/pages\/1308\/revisions"}],"predecessor-version":[{"id":1327,"href":"https:\/\/cfsottawa.ca\/fr\/wp-json\/wp\/v2\/pages\/1308\/revisions\/1327"}],"wp:attachment":[{"href":"https:\/\/cfsottawa.ca\/fr\/wp-json\/wp\/v2\/media?parent=1308"}],"curies":[{"name":"wp","href":"https:\/\/api.w.org\/{rel}","templated":true}]}}