{"id":1445,"date":"2023-09-01T18:14:28","date_gmt":"2023-09-01T18:14:28","guid":{"rendered":"https:\/\/cfsottawa.ca\/franca-didiomete\/"},"modified":"2023-09-01T18:26:09","modified_gmt":"2023-09-01T18:26:09","slug":"franca-didiomete","status":"publish","type":"page","link":"https:\/\/cfsottawa.ca\/fr\/franca-didiomete\/","title":{"rendered":"Franca DiDiomete"},"content":{"rendered":"<p><div class=\"fusion-fullwidth fullwidth-box fusion-builder-row-1 fusion-flex-container has-pattern-background has-mask-background nonhundred-percent-fullwidth non-hundred-percent-height-scrolling\" style=\"--awb-border-radius-top-left:0px;--awb-border-radius-top-right:0px;--awb-border-radius-bottom-right:0px;--awb-border-radius-bottom-left:0px;--awb-padding-top:180px;--awb-margin-top:-86px;--awb-background-color:var(--awb-color4);--awb-flex-wrap:wrap;\" ><div class=\"fusion-builder-row fusion-row fusion-flex-align-items-flex-start fusion-flex-justify-content-center fusion-flex-content-wrap\" style=\"max-width:910px;margin-left: calc(-4% \/ 2 );margin-right: calc(-4% \/ 2 );\"><div class=\"fusion-layout-column fusion_builder_column fusion-builder-column-0 fusion_builder_column_3_4 3_4 fusion-flex-column\" style=\"--awb-bg-size:cover;--awb-width-large:75%;--awb-margin-top-large:0px;--awb-spacing-right-large:2.56%;--awb-margin-bottom-large:20px;--awb-spacing-left-large:2.56%;--awb-width-medium:75%;--awb-order-medium:0;--awb-spacing-right-medium:2.56%;--awb-spacing-left-medium:2.56%;--awb-width-small:100%;--awb-order-small:0;--awb-spacing-right-small:1.92%;--awb-spacing-left-small:1.92%;\"><div class=\"fusion-column-wrapper fusion-column-has-shadow fusion-flex-justify-content-flex-start fusion-content-layout-column\"><div class=\"fusion-title title fusion-title-1 fusion-sep-none fusion-title-center fusion-title-text fusion-title-size-one\" style=\"--awb-text-color:var(--awb-color1);--awb-margin-top-small:10px;--awb-margin-right-small:0px;--awb-margin-bottom-small:10px;--awb-margin-left-small:0px;\"><h1 class=\"fusion-title-heading title-heading-center fusion-responsive-typography-calculated\" style=\"margin:0;--fontSize:30;line-height:1.13;\"><span class=\"TextRun SCXW41558939 BCX0\" lang=\"FR-CA\" data-contrast=\"auto\"><span class=\"NormalTextRun SCXW41558939 BCX0 ContentPasted1\">Franca<\/span> <span class=\"NormalTextRun SCXW41558939 BCX0 ContentPasted1\">DiDiomete &#8211; En m\u00e9moire et<\/span> <span class=\"NormalTextRun SpellingErrorV2Themed SCXW41558939 BCX0 ContentPasted1\">son h\u00e9ritage<\/span> <\/span><\/h1><\/div><div class=\"fusion-text fusion-text-1\" style=\"--awb-content-alignment:center;--awb-font-size:var(--awb-typography3-font-size);--awb-line-height:var(--awb-typography3-line-height);--awb-letter-spacing:var(--awb-typography3-letter-spacing);--awb-text-transform:var(--awb-typography3-text-transform);--awb-text-color:var(--awb-color1);--awb-text-font-family:var(--awb-typography3-font-family);--awb-text-font-weight:var(--awb-typography3-font-weight);--awb-text-font-style:var(--awb-typography3-font-style);\"><p>19-jan-1956 &#8211; 25-ao\u00fbt-2023<\/p>\n<\/div><\/div><\/div><\/div><\/div><div class=\"fusion-fullwidth fullwidth-box fusion-builder-row-2 fusion-flex-container has-pattern-background has-mask-background hundred-percent-fullwidth non-hundred-percent-height-scrolling fusion-custom-z-index\" style=\"--awb-background-position:center top;--awb-border-radius-top-left:0px;--awb-border-radius-top-right:0px;--awb-border-radius-bottom-right:0px;--awb-border-radius-bottom-left:0px;--awb-z-index:10000;--awb-padding-top:0px;--awb-padding-right:0px;--awb-padding-bottom:0px;--awb-padding-left:0px;--awb-margin-top:0px;--awb-margin-bottom:0px;--awb-flex-wrap:wrap;\" ><div class=\"fusion-builder-row fusion-row fusion-flex-align-items-flex-start fusion-flex-content-wrap\" style=\"width:104% !important;max-width:104% !important;margin-left: calc(-4% \/ 2 );margin-right: calc(-4% \/ 2 );\"><div class=\"fusion-layout-column fusion_builder_column fusion-builder-column-1 fusion_builder_column_1_1 1_1 fusion-flex-column separators child-sep\" style=\"--awb-z-index:1000;--awb-bg-position:center top;--awb-bg-size:cover;--awb-width-large:100%;--awb-margin-top-large:0px;--awb-spacing-right-large:0px;--awb-margin-bottom-large:0px;--awb-spacing-left-large:0px;--awb-width-medium:100%;--awb-order-medium:0;--awb-spacing-right-medium:0px;--awb-spacing-left-medium:0px;--awb-width-small:100%;--awb-order-small:0;--awb-spacing-right-small:1.92%;--awb-spacing-left-small:1.92%;\"><div class=\"fusion-column-wrapper fusion-column-has-shadow fusion-flex-justify-content-flex-start fusion-content-layout-column\"><div class=\"fusion-separator fusion-full-width-sep\" style=\"align-self: center;margin-left: auto;margin-right: auto;flex-grow:1;margin-top:0px;margin-bottom:0px;width:100%;\"><\/div><\/div><\/div><\/div><\/div><div class=\"fusion-fullwidth fullwidth-box fusion-builder-row-3 fusion-flex-container has-pattern-background has-mask-background nonhundred-percent-fullwidth non-hundred-percent-height-scrolling\" style=\"--awb-border-radius-top-left:0px;--awb-border-radius-top-right:0px;--awb-border-radius-bottom-right:0px;--awb-border-radius-bottom-left:0px;--awb-flex-wrap:wrap;\" ><div class=\"fusion-builder-row fusion-row fusion-flex-align-items-flex-start fusion-flex-content-wrap\" style=\"max-width:910px;margin-left: calc(-4% \/ 2 );margin-right: calc(-4% \/ 2 );\"><div class=\"fusion-layout-column fusion_builder_column fusion-builder-column-2 fusion_builder_column_1_1 1_1 fusion-flex-column\" style=\"--awb-bg-size:cover;--awb-width-large:100%;--awb-margin-top-large:0px;--awb-spacing-right-large:1.92%;--awb-margin-bottom-large:20px;--awb-spacing-left-large:1.92%;--awb-width-medium:100%;--awb-order-medium:0;--awb-spacing-right-medium:1.92%;--awb-spacing-left-medium:1.92%;--awb-width-small:100%;--awb-order-small:0;--awb-spacing-right-small:1.92%;--awb-spacing-left-small:1.92%;\"><div class=\"fusion-column-wrapper fusion-column-has-shadow fusion-flex-justify-content-flex-start fusion-content-layout-column\"><div class=\"fusion-text fusion-text-2\"><p><span data-contrast=\"auto\"><img decoding=\"async\" class=\"lazyload alignleft wp-image-1438 size-medium\" src=\"https:\/\/cfsottawa.ca\/wp-content\/uploads\/2023\/09\/SFC_archive_Franca_-scaled-e1693592456472-210x300.jpeg\" data-orig-src=\"https:\/\/cfsottawa.ca\/wp-content\/uploads\/2023\/09\/SFC_archive_Franca_-scaled-e1693592456472-210x300.jpeg\" alt=\"Franca DiDiomete\" width=\"210\" height=\"300\" srcset=\"data:image\/svg+xml,%3Csvg%20xmlns%3D%27http%3A%2F%2Fwww.w3.org%2F2000%2Fsvg%27%20width%3D%27210%27%20height%3D%27300%27%20viewBox%3D%270%200%20210%20300%27%3E%3Crect%20width%3D%27210%27%20height%3D%27300%27%20fill-opacity%3D%220%22%2F%3E%3C%2Fsvg%3E\" data-srcset=\"https:\/\/cfsottawa.ca\/wp-content\/uploads\/2023\/09\/SFC_archive_Franca_-scaled-e1693592456472-200x286.jpeg 200w, https:\/\/cfsottawa.ca\/wp-content\/uploads\/2023\/09\/SFC_archive_Franca_-scaled-e1693592456472-210x300.jpeg 210w, https:\/\/cfsottawa.ca\/wp-content\/uploads\/2023\/09\/SFC_archive_Franca_-scaled-e1693592456472-400x571.jpeg 400w, https:\/\/cfsottawa.ca\/wp-content\/uploads\/2023\/09\/SFC_archive_Franca_-scaled-e1693592456472-600x857.jpeg 600w, https:\/\/cfsottawa.ca\/wp-content\/uploads\/2023\/09\/SFC_archive_Franca_-scaled-e1693592456472-717x1024.jpeg 717w, https:\/\/cfsottawa.ca\/wp-content\/uploads\/2023\/09\/SFC_archive_Franca_-scaled-e1693592456472-768x1097.jpeg 768w, https:\/\/cfsottawa.ca\/wp-content\/uploads\/2023\/09\/SFC_archive_Franca_-scaled-e1693592456472-800x1142.jpeg 800w, https:\/\/cfsottawa.ca\/wp-content\/uploads\/2023\/09\/SFC_archive_Franca_-scaled-e1693592456472-1076x1536.jpeg 1076w, https:\/\/cfsottawa.ca\/wp-content\/uploads\/2023\/09\/SFC_archive_Franca_-scaled-e1693592456472-1200x1713.jpeg 1200w, https:\/\/cfsottawa.ca\/wp-content\/uploads\/2023\/09\/SFC_archive_Franca_-scaled-e1693592456472.jpeg 1267w\" data-sizes=\"auto\" data-orig-sizes=\"(max-width: 210px) 100vw, 210px\" \/><\/span><\/p>\n<p><span data-contrast=\"auto\">C'est avec une grande tristesse que le Service familial et counseling\u00a0Ottawa vous annonce\u00a0le\u00a0d\u00e9c\u00e8s de notre ancienne DirectriceG\u00e9n\u00e9rale Franca DiDiomete\u00a0avec la communaut\u00e9 des services sociaux d'Ottawa. Franca est d\u00e9c\u00e9d\u00e9e le 25 ao\u00fbt apr\u00e8s une lutte courageuse contre le cancer au cours des quatre derni\u00e8res ann\u00e9es et demie. Franca s'est jointe au Service familial et counseling Ottawa (SFCO), anciennement connue sous Service familial catholique Ottawa, en\u00a01982 en tant que travailleuse sociale et superviseure. Apr\u00e8s y avoir travaill\u00e9 pendant 13 ans, elle a \u00e9t\u00e9 nomm\u00e9e Directrice G\u00e9n\u00e9rale en 1995, poste qu'elle a occup\u00e9 jusqu'en 2021, date \u00e0 laquelle elle a pris sa retraite.\u00a0\u00a0\u00a0<\/span><span data-ccp-props=\"\">\u00a0<\/span><\/p>\n<p><span data-contrast=\"auto\">Sous la direction de Franca, l'influence, l'impact et l'expertise du SFC se sont accrus. En tant que nouvelle Directrice G\u00e9n\u00e9rale, Franca a \u00e9t\u00e9 en mesure de guider l'orientation strat\u00e9gique de l'organisation de plusieurs fa\u00e7ons importantes, notamment en<\/span><\/p>\n<ul>\n<li><span data-contrast=\"auto\">En se concentrant sur la mise en \u0153uvre de programmes decounselingpour renforcer les capacit\u00e9s des individus \u00e0 faire face \u00e0 des d\u00e9fis tels que la violence, le stress et les probl\u00e8mes de sant\u00e9 mentale, <\/span><span data-contrast=\"auto\">plut\u00f4t que de r\u00e9pondre aux besoins de base,<\/span><span data-contrast=\"auto\">\u00a0qui \u00e9taient pris en charge par d'autres organisations\u00a0et en s'assurant de l'inclusion et de la diversit\u00e9;\u00a0\u00a0<\/span><span data-ccp-props=\"\">\u00a0<\/span><\/li>\n<li><span data-contrast=\"auto\">Renforcer le r\u00f4le du SFC en tant que leader dans la lutte contre la violence familiale et les abus sexuels;<\/span><span data-ccp-props=\"\">\u00a0<\/span><\/li>\n<li><span data-contrast=\"auto\">R\u00e9affirmer la mission unique de SFCO,qui consiste \u00e0 offrir des services en fran\u00e7ais et en anglais, et obtenir la d\u00e9signation d'organisme de services en fran\u00e7ais pour certains de ses programmes;\u00a0\u00a0<\/span><span data-ccp-props=\"\">\u00a0<\/span><\/li>\n<li><span data-contrast=\"auto\">Faire <\/span><span data-contrast=\"auto\">preuve<\/span><span data-contrast=\"auto\">de leadership dans les efforts de collecte de fonds pour Centraide, en obtenant un soutien importantdu bailleur\u00a0de fonds,qui fut\u00a0l'un de nos principaux donateurs ;\u00a0\u00a0<\/span><span data-ccp-props=\"\">\u00a0<\/span><\/li>\n<li><span data-contrast=\"auto\">Veiller \u00e0 ce que SFCpasse par un processus de changement de nom, de Service familial catholique Ottawa\u00e0\u00a0Service familial et counseling, refl\u00e9tant la r\u00e9alit\u00e9 que l'agence a toujours servie.\u00a0<\/span><span data-ccp-props=\"\">\u00a0<\/span><\/li>\n<\/ul>\n<p><span data-contrast=\"auto\">Franca avait pour r\u00e9putation d'\u00eatre infatigable, cumulant plusieurs fonctions et t\u00e2ches qui d\u00e9passaient largement ses fonctions en tant que Directrice G\u00e9n\u00e9rale\u00a0et en a \u00e9t\u00e9 la principale gardienne, allant au-del\u00e0 de ce que l'on attendrait d'une seule personne. Elle a travaill\u00e9 sans rel\u00e2che pour g\u00e9rer l'ensemble du personnel, apporter un soutien individuel aux clients et faire tout ce qui devait \u00eatre fait pour le bien de l'agence, qu'elle soit petite ou grande. Ses talents et ses comp\u00e9tences \u00e9taient remarquables dans de nombreux domaines, qu'il s'agisse de la gestion financi\u00e8re, de la collecte de fonds, des services centr\u00e9s sur le client, de la collaboration avec la communaut\u00e9 et bien plus encore. C'\u00e9tait une visionnaire qui veillait \u00e0 ce que les personnes les plus d\u00e9munies soient soutenues avec soin et dignit\u00e9\u00a0ainsi que l'avenir du SFCO.\u00a0Franca a obtenu des S\u0153urs grises le don d'un b\u00e2timent pour offrir ses services au c\u0153ur de la ville francophone d'Ottawa. Le b\u00e2timent lui a \u00e9t\u00e9 d\u00e9di\u00e9 en son honneur en octobre 2022.<\/span><span data-ccp-props=\"\">\u00a0<\/span><\/p>\n<p><span data-contrast=\"auto\">Franca offrait un encadrement et une pr\u00e9sence rassurante pour ses employ\u00e9s.\u00a0Elle procurait une\u00a0stabilit\u00e9 et de la consistance. Elle \u00e9tait une n\u00e9gociatrice hors pairs.<\/span><span data-ccp-props=\"\">\u00a0<\/span><\/p>\n<p><span data-contrast=\"auto\">Franca \u00e9tait profond\u00e9ment int\u00e8gre, ses valeurs \u00e9taient align\u00e9es tant sur le plan personnel que professionnel. En tant que dirigeante,soutenue par ses valeurs, elle mentionnait\u00a0de \u00ab\u00a0joindre le geste \u00e0 la parole\u00a0\u00bb. En particulier, elle croyait en la valeur intrins\u00e8que de chaque personne, ses\u00a0comportements et actions,\u00a0reconnaissant la dignit\u00e9 de chacun. Elle pratiquait sans r\u00e9serve les valeurs \u00e9tablies par l'agence et encourageait son personnel \u00e0 les respecter.\u00a0<\/span><span data-ccp-props=\"\">\u00a0<\/span><\/p>\n<p><span data-contrast=\"auto\">Au-del\u00e0 de l'\u00e9quipe et des clients de SFC, Franca a pu partager sa sagesse et son expertise avec d'autres personnes \u00e0 travers la ville gr\u00e2ce \u00e0 des partenariats avec d'autres organisations, dans le cadre de comit\u00e9s et au-del\u00e0. Par exemple, elle \u00e9tait un membre actif du Comit\u00e9 communautaire d'Ottawa sur la violence faite aux enfants et a aid\u00e9 \u00e0 cr\u00e9er et \u00e0 coordonner son prix annuel pour la \u00a0\u00bb contribution exceptionnelle \u00e0 la protection des enfants \u00ab\u00a0, jusqu'\u00e0 son d\u00e9c\u00e8s.\u00a0<\/span><span data-ccp-props=\"\">\u00a0<\/span><\/p>\n<p><span data-contrast=\"auto\">Franca a continu\u00e9 \u00e0 travailler au SFC, m\u00eame pendant les traitements de chimioth\u00e9rapie, pendant deux ans avant de prendre sa retraite \u2013 ce qui t\u00e9moigne de son d\u00e9vouement et de l'attention qu'elle portait \u00e0 l'agence, \u00e0 ses clients et \u00e0 son personnel. M\u00eame apr\u00e8s son d\u00e9part \u00e0 la retraite, Franca a continu\u00e9 \u00e0 apporter un soutien essentiel \u00e0 l'agence, en restant en contact avec le personnel et en fournissant un mentorat et des conseils inestimables aux nouveaux dirigeants du SFC.<\/span><span data-ccp-props=\"\">\u00a0<\/span><\/p>\n<p><span data-contrast=\"auto\">L'impact de Franca sur la communaut\u00e9 d'Ottawa ne peut \u00eatre sous-estim\u00e9. Son leadership a eu un impact concret en favorisant le bien-\u00eatre des r\u00e9sidents d'Ottawa confront\u00e9s \u00e0 d'importants probl\u00e8mes de sant\u00e9 mentale et en soutenant ceux qui ont \u00e9t\u00e9 victimes de violence dans leur cheminement vers la gu\u00e9rison et la s\u00e9curit\u00e9\u00a0en promouvant l'inclusion et la diversit\u00e9.<\/span><span data-ccp-props=\"\">\u00a0<\/span><\/p>\n<p><span data-contrast=\"auto\">Les nombreux contacts professionnels et personnels de Franca refl\u00e8tent son amour et son \u00e9nergie\u00a0indomptable qui\u00a0ont illumin\u00e9 la vie de tant de personnes. Le souvenir de Franca est toujours pr\u00e9sent au SFC\u00a0et, \u00e0 l'instar de Franca, nous nous efforcerons toujours de joindre le geste \u00e0 la parole et de donner la priorit\u00e9 \u00e0 la communaut\u00e9. <\/span><span data-contrast=\"auto\">Ce fut\u00a0la fa\u00e7on de faire de Franca. Et c'est\u00a0la fa\u00e7on de faire de SFC.\u00a0C'est\u00a0ainsi\u00a0que nous honorerons\u00a0sa\u00a0m\u00e9moire\u00a0et que nous la garderons\u00a0toujours\u00a0avec nous.<\/span><span data-ccp-props=\"\">\u00a0<\/span><\/p>\n<\/div><\/div><\/div><\/div><\/div><\/p>\n","protected":false},"excerpt":{"rendered":"","protected":false},"author":1,"featured_media":0,"parent":0,"menu_order":0,"comment_status":"closed","ping_status":"closed","template":"100-width.php","meta":{"_acf_changed":false,"footnotes":""},"class_list":["post-1445","page","type-page","status-publish","hentry"],"acf":[],"yoast_head":"<!-- This site is optimized with the Yoast SEO plugin v27.4 - https:\/\/yoast.com\/product\/yoast-seo-wordpress\/ -->\n<title>Franca DiDiomete - SFC Ottawa<\/title>\n<meta name=\"robots\" content=\"index, follow, max-snippet:-1, max-image-preview:large, max-video-preview:-1\" \/>\n<link rel=\"canonical\" href=\"https:\/\/cfsottawa.ca\/fr\/franca-didiomete\/\" \/>\n<meta property=\"og:locale\" content=\"fr_FR\" \/>\n<meta property=\"og:type\" content=\"article\" \/>\n<meta property=\"og:title\" content=\"Franca DiDiomete - SFC Ottawa\" \/>\n<meta property=\"og:url\" content=\"https:\/\/cfsottawa.ca\/fr\/franca-didiomete\/\" \/>\n<meta property=\"og:site_name\" content=\"SFC Ottawa\" \/>\n<meta property=\"article:publisher\" content=\"https:\/\/www.facebook.com\/CFSOttawa\" \/>\n<meta property=\"article:modified_time\" content=\"2023-09-01T18:26:09+00:00\" \/>\n<meta property=\"og:image\" content=\"https:\/\/cfsottawa.ca\/wp-content\/uploads\/2023\/09\/SFC_archive_Franca_-scaled-e1693592456472-210x300.jpeg\" \/>\n<meta name=\"twitter:card\" content=\"summary_large_image\" \/>\n<meta name=\"twitter:site\" content=\"@cfs_ottawa\" \/>\n<meta name=\"twitter:label1\" content=\"Dur\u00e9e de lecture estim\u00e9e\" \/>\n\t<meta name=\"twitter:data1\" content=\"9 minutes\" \/>\n<script type=\"application\/ld+json\" class=\"yoast-schema-graph\">{\"@context\":\"https:\\\/\\\/schema.org\",\"@graph\":[{\"@type\":\"WebPage\",\"@id\":\"https:\\\/\\\/cfsottawa.ca\\\/fr\\\/franca-didiomete\\\/\",\"url\":\"https:\\\/\\\/cfsottawa.ca\\\/fr\\\/franca-didiomete\\\/\",\"name\":\"Franca DiDiomete - SFC Ottawa\",\"isPartOf\":{\"@id\":\"https:\\\/\\\/cfsottawa.ca\\\/#website\"},\"primaryImageOfPage\":{\"@id\":\"https:\\\/\\\/cfsottawa.ca\\\/fr\\\/franca-didiomete\\\/#primaryimage\"},\"image\":{\"@id\":\"https:\\\/\\\/cfsottawa.ca\\\/fr\\\/franca-didiomete\\\/#primaryimage\"},\"thumbnailUrl\":\"https:\\\/\\\/cfsottawa.ca\\\/wp-content\\\/uploads\\\/2023\\\/09\\\/SFC_archive_Franca_-scaled-e1693592456472-210x300.jpeg\",\"datePublished\":\"2023-09-01T18:14:28+00:00\",\"dateModified\":\"2023-09-01T18:26:09+00:00\",\"inLanguage\":\"fr-FR\",\"potentialAction\":[{\"@type\":\"ReadAction\",\"target\":[\"https:\\\/\\\/cfsottawa.ca\\\/fr\\\/franca-didiomete\\\/\"]}]},{\"@type\":\"ImageObject\",\"inLanguage\":\"fr-FR\",\"@id\":\"https:\\\/\\\/cfsottawa.ca\\\/fr\\\/franca-didiomete\\\/#primaryimage\",\"url\":\"https:\\\/\\\/cfsottawa.ca\\\/wp-content\\\/uploads\\\/2023\\\/09\\\/SFC_archive_Franca_-scaled-e1693592456472-210x300.jpeg\",\"contentUrl\":\"https:\\\/\\\/cfsottawa.ca\\\/wp-content\\\/uploads\\\/2023\\\/09\\\/SFC_archive_Franca_-scaled-e1693592456472-210x300.jpeg\"},{\"@type\":\"WebSite\",\"@id\":\"https:\\\/\\\/cfsottawa.ca\\\/#website\",\"url\":\"https:\\\/\\\/cfsottawa.ca\\\/\",\"name\":\"SFC Ottawa\",\"description\":\"Soutien communautaire pour les individus de tous \u00e2ges, les couples et les familles et soutien aux survivantes de la violence fond\u00e9e sur le genre.\",\"publisher\":{\"@id\":\"https:\\\/\\\/cfsottawa.ca\\\/#organization\"},\"potentialAction\":[{\"@type\":\"SearchAction\",\"target\":{\"@type\":\"EntryPoint\",\"urlTemplate\":\"https:\\\/\\\/cfsottawa.ca\\\/?s={search_term_string}\"},\"query-input\":{\"@type\":\"PropertyValueSpecification\",\"valueRequired\":true,\"valueName\":\"search_term_string\"}}],\"inLanguage\":\"fr-FR\"},{\"@type\":\"Organization\",\"@id\":\"https:\\\/\\\/cfsottawa.ca\\\/#organization\",\"name\":\"CFS Ottawa\",\"url\":\"https:\\\/\\\/cfsottawa.ca\\\/\",\"logo\":{\"@type\":\"ImageObject\",\"inLanguage\":\"fr-FR\",\"@id\":\"https:\\\/\\\/cfsottawa.ca\\\/#\\\/schema\\\/logo\\\/image\\\/\",\"url\":\"https:\\\/\\\/cfsottawa.ca\\\/wp-content\\\/uploads\\\/2023\\\/01\\\/CFSOttawa_400px-1.svg\",\"contentUrl\":\"https:\\\/\\\/cfsottawa.ca\\\/wp-content\\\/uploads\\\/2023\\\/01\\\/CFSOttawa_400px-1.svg\",\"width\":400,\"height\":400,\"caption\":\"CFS Ottawa\"},\"image\":{\"@id\":\"https:\\\/\\\/cfsottawa.ca\\\/#\\\/schema\\\/logo\\\/image\\\/\"},\"sameAs\":[\"https:\\\/\\\/www.facebook.com\\\/CFSOttawa\",\"https:\\\/\\\/x.com\\\/cfs_ottawa\",\"https:\\\/\\\/www.instagram.com\\\/cfsottawa\\\/\"]}]}<\/script>\n<!-- \/ Yoast SEO plugin. -->","yoast_head_json":{"title":"Franca DiDiomete - SFC Ottawa","robots":{"index":"index","follow":"follow","max-snippet":"max-snippet:-1","max-image-preview":"max-image-preview:large","max-video-preview":"max-video-preview:-1"},"canonical":"https:\/\/cfsottawa.ca\/fr\/franca-didiomete\/","og_locale":"fr_FR","og_type":"article","og_title":"Franca DiDiomete - SFC Ottawa","og_url":"https:\/\/cfsottawa.ca\/fr\/franca-didiomete\/","og_site_name":"SFC Ottawa","article_publisher":"https:\/\/www.facebook.com\/CFSOttawa","article_modified_time":"2023-09-01T18:26:09+00:00","og_image":[{"url":"https:\/\/cfsottawa.ca\/wp-content\/uploads\/2023\/09\/SFC_archive_Franca_-scaled-e1693592456472-210x300.jpeg","type":"","width":"","height":""}],"twitter_card":"summary_large_image","twitter_site":"@cfs_ottawa","twitter_misc":{"Dur\u00e9e de lecture estim\u00e9e":"9 minutes"},"schema":{"@context":"https:\/\/schema.org","@graph":[{"@type":"WebPage","@id":"https:\/\/cfsottawa.ca\/fr\/franca-didiomete\/","url":"https:\/\/cfsottawa.ca\/fr\/franca-didiomete\/","name":"Franca DiDiomete - SFC Ottawa","isPartOf":{"@id":"https:\/\/cfsottawa.ca\/#website"},"primaryImageOfPage":{"@id":"https:\/\/cfsottawa.ca\/fr\/franca-didiomete\/#primaryimage"},"image":{"@id":"https:\/\/cfsottawa.ca\/fr\/franca-didiomete\/#primaryimage"},"thumbnailUrl":"https:\/\/cfsottawa.ca\/wp-content\/uploads\/2023\/09\/SFC_archive_Franca_-scaled-e1693592456472-210x300.jpeg","datePublished":"2023-09-01T18:14:28+00:00","dateModified":"2023-09-01T18:26:09+00:00","inLanguage":"fr-FR","potentialAction":[{"@type":"ReadAction","target":["https:\/\/cfsottawa.ca\/fr\/franca-didiomete\/"]}]},{"@type":"ImageObject","inLanguage":"fr-FR","@id":"https:\/\/cfsottawa.ca\/fr\/franca-didiomete\/#primaryimage","url":"https:\/\/cfsottawa.ca\/wp-content\/uploads\/2023\/09\/SFC_archive_Franca_-scaled-e1693592456472-210x300.jpeg","contentUrl":"https:\/\/cfsottawa.ca\/wp-content\/uploads\/2023\/09\/SFC_archive_Franca_-scaled-e1693592456472-210x300.jpeg"},{"@type":"WebSite","@id":"https:\/\/cfsottawa.ca\/#website","url":"https:\/\/cfsottawa.ca\/","name":"SFC Ottawa","description":"Soutien communautaire pour les individus de tous \u00e2ges, les couples et les familles et soutien aux survivantes de la violence fond\u00e9e sur le genre.","publisher":{"@id":"https:\/\/cfsottawa.ca\/#organization"},"potentialAction":[{"@type":"SearchAction","target":{"@type":"EntryPoint","urlTemplate":"https:\/\/cfsottawa.ca\/?s={search_term_string}"},"query-input":{"@type":"PropertyValueSpecification","valueRequired":true,"valueName":"search_term_string"}}],"inLanguage":"fr-FR"},{"@type":"Organization","@id":"https:\/\/cfsottawa.ca\/#organization","name":"CFS Ottawa","url":"https:\/\/cfsottawa.ca\/","logo":{"@type":"ImageObject","inLanguage":"fr-FR","@id":"https:\/\/cfsottawa.ca\/#\/schema\/logo\/image\/","url":"https:\/\/cfsottawa.ca\/wp-content\/uploads\/2023\/01\/CFSOttawa_400px-1.svg","contentUrl":"https:\/\/cfsottawa.ca\/wp-content\/uploads\/2023\/01\/CFSOttawa_400px-1.svg","width":400,"height":400,"caption":"CFS Ottawa"},"image":{"@id":"https:\/\/cfsottawa.ca\/#\/schema\/logo\/image\/"},"sameAs":["https:\/\/www.facebook.com\/CFSOttawa","https:\/\/x.com\/cfs_ottawa","https:\/\/www.instagram.com\/cfsottawa\/"]}]}},"_links":{"self":[{"href":"https:\/\/cfsottawa.ca\/fr\/wp-json\/wp\/v2\/pages\/1445","targetHints":{"allow":["GET"]}}],"collection":[{"href":"https:\/\/cfsottawa.ca\/fr\/wp-json\/wp\/v2\/pages"}],"about":[{"href":"https:\/\/cfsottawa.ca\/fr\/wp-json\/wp\/v2\/types\/page"}],"author":[{"embeddable":true,"href":"https:\/\/cfsottawa.ca\/fr\/wp-json\/wp\/v2\/users\/1"}],"replies":[{"embeddable":true,"href":"https:\/\/cfsottawa.ca\/fr\/wp-json\/wp\/v2\/comments?post=1445"}],"version-history":[{"count":3,"href":"https:\/\/cfsottawa.ca\/fr\/wp-json\/wp\/v2\/pages\/1445\/revisions"}],"predecessor-version":[{"id":1449,"href":"https:\/\/cfsottawa.ca\/fr\/wp-json\/wp\/v2\/pages\/1445\/revisions\/1449"}],"wp:attachment":[{"href":"https:\/\/cfsottawa.ca\/fr\/wp-json\/wp\/v2\/media?parent=1445"}],"curies":[{"name":"wp","href":"https:\/\/api.w.org\/{rel}","templated":true}]}}