{"id":1486,"date":"2023-12-01T08:42:14","date_gmt":"2023-12-01T08:42:14","guid":{"rendered":"https:\/\/cfsottawa.ca\/?page_id=1486"},"modified":"2023-12-01T19:38:50","modified_gmt":"2023-12-01T19:38:50","slug":"nouvelles","status":"publish","type":"page","link":"https:\/\/cfsottawa.ca\/fr\/nouvelles\/","title":{"rendered":"Nouvelles et mises \u00e0 jour"},"content":{"rendered":"<p><div class=\"fusion-fullwidth fullwidth-box fusion-builder-row-1 fusion-flex-container has-pattern-background has-mask-background nonhundred-percent-fullwidth non-hundred-percent-height-scrolling\" style=\"--awb-border-radius-top-left:0px;--awb-border-radius-top-right:0px;--awb-border-radius-bottom-right:0px;--awb-border-radius-bottom-left:0px;--awb-padding-top:180px;--awb-margin-top:-86px;--awb-background-color:var(--awb-color4);--awb-flex-wrap:wrap;\" ><div class=\"fusion-builder-row fusion-row fusion-flex-align-items-flex-start fusion-flex-justify-content-center fusion-flex-content-wrap\" style=\"max-width:910px;margin-left: calc(-4% \/ 2 );margin-right: calc(-4% \/ 2 );\"><div class=\"fusion-layout-column fusion_builder_column fusion-builder-column-0 fusion_builder_column_3_4 3_4 fusion-flex-column\" style=\"--awb-bg-size:cover;--awb-width-large:75%;--awb-margin-top-large:0px;--awb-spacing-right-large:2.56%;--awb-margin-bottom-large:20px;--awb-spacing-left-large:2.56%;--awb-width-medium:75%;--awb-order-medium:0;--awb-spacing-right-medium:2.56%;--awb-spacing-left-medium:2.56%;--awb-width-small:100%;--awb-order-small:0;--awb-spacing-right-small:1.92%;--awb-spacing-left-small:1.92%;\"><div class=\"fusion-column-wrapper fusion-column-has-shadow fusion-flex-justify-content-flex-start fusion-content-layout-column\"><div class=\"fusion-title title fusion-title-1 fusion-sep-none fusion-title-center fusion-title-text fusion-title-size-one\" style=\"--awb-text-color:var(--awb-color1);--awb-margin-top-small:10px;--awb-margin-right-small:0px;--awb-margin-bottom-small:10px;--awb-margin-left-small:0px;\"><h1 class=\"fusion-title-heading title-heading-center fusion-responsive-typography-calculated\" style=\"margin:0;--fontSize:30;line-height:1.13;\"><div class=\"module--translations-translatedtext js-module--translations-translatedtext is-placeholder\">Nouvelles et mises \u00e0 jour<\/div><\/h1><\/div><\/div><\/div><\/div><\/div><div class=\"fusion-fullwidth fullwidth-box fusion-builder-row-2 fusion-flex-container has-pattern-background has-mask-background hundred-percent-fullwidth non-hundred-percent-height-scrolling fusion-custom-z-index\" style=\"--awb-background-position:center top;--awb-border-radius-top-left:0px;--awb-border-radius-top-right:0px;--awb-border-radius-bottom-right:0px;--awb-border-radius-bottom-left:0px;--awb-z-index:10000;--awb-padding-top:0px;--awb-padding-right:0px;--awb-padding-bottom:0px;--awb-padding-left:0px;--awb-margin-top:0px;--awb-margin-bottom:0px;--awb-flex-wrap:wrap;\" ><div class=\"fusion-builder-row fusion-row fusion-flex-align-items-flex-start fusion-flex-content-wrap\" style=\"width:104% !important;max-width:104% !important;margin-left: calc(-4% \/ 2 );margin-right: calc(-4% \/ 2 );\"><div class=\"fusion-layout-column fusion_builder_column fusion-builder-column-1 fusion_builder_column_1_1 1_1 fusion-flex-column separators child-sep\" style=\"--awb-z-index:1000;--awb-bg-position:center top;--awb-bg-size:cover;--awb-width-large:100%;--awb-margin-top-large:0px;--awb-spacing-right-large:0px;--awb-margin-bottom-large:0px;--awb-spacing-left-large:0px;--awb-width-medium:100%;--awb-order-medium:0;--awb-spacing-right-medium:0px;--awb-spacing-left-medium:0px;--awb-width-small:100%;--awb-order-small:0;--awb-spacing-right-small:1.92%;--awb-spacing-left-small:1.92%;\"><div class=\"fusion-column-wrapper fusion-column-has-shadow fusion-flex-justify-content-flex-start fusion-content-layout-column\"><div class=\"fusion-separator fusion-full-width-sep\" style=\"align-self: center;margin-left: auto;margin-right: auto;flex-grow:1;margin-top:0px;margin-bottom:0px;width:100%;\"><\/div><\/div><\/div><\/div><\/div><div class=\"fusion-fullwidth fullwidth-box fusion-builder-row-3 fusion-flex-container has-pattern-background has-mask-background nonhundred-percent-fullwidth non-hundred-percent-height-scrolling\" style=\"--awb-border-radius-top-left:0px;--awb-border-radius-top-right:0px;--awb-border-radius-bottom-right:0px;--awb-border-radius-bottom-left:0px;--awb-margin-top:50px;--awb-flex-wrap:wrap;\" ><div class=\"fusion-builder-row fusion-row fusion-flex-align-items-flex-start fusion-flex-content-wrap\" style=\"max-width:910px;margin-left: calc(-4% \/ 2 );margin-right: calc(-4% \/ 2 );\"><div class=\"fusion-layout-column fusion_builder_column fusion-builder-column-2 fusion_builder_column_1_1 1_1 fusion-flex-column\" style=\"--awb-bg-size:cover;--awb-width-large:100%;--awb-margin-top-large:0px;--awb-spacing-right-large:1.92%;--awb-margin-bottom-large:20px;--awb-spacing-left-large:1.92%;--awb-width-medium:100%;--awb-order-medium:0;--awb-spacing-right-medium:1.92%;--awb-spacing-left-medium:1.92%;--awb-width-small:100%;--awb-order-small:0;--awb-spacing-right-small:1.92%;--awb-spacing-left-small:1.92%;\"><div class=\"fusion-column-wrapper fusion-column-has-shadow fusion-flex-justify-content-flex-start fusion-content-layout-column\"><div class=\"fusion-blog-shortcode fusion-blog-shortcode-1 fusion-blog-archive fusion-blog-layout-medium fusion-blog-infinite\"><div class=\"fusion-posts-container fusion-posts-container-infinite fusion-no-meta-info fusion-blog-rollover\" data-pages=\"1\"><article id=\"blog-1-post-1493\" class=\"fusion-post-medium post-1493 post type-post status-publish format-standard has-post-thumbnail hentry category-non-classifiee\">\n\t<style type=\"text\/css\">\n\t\t\n\t\t\n\t\t\n\t\t\n\t\t\t<\/style>\n\n\n\t\t\t<div class=\"fusion-flexslider flexslider fusion-flexslider-loading fusion-post-slideshow\" style=\"\">\n\t\t<ul class=\"slides\">\n\t\t\t\n\t\t\t\t\t\t\t\t\t\t\t\t\t\t<li><div  class=\"fusion-image-wrapper fusion-image-size-fixed\" aria-haspopup=\"true\">\n\t\t\t\t<img decoding=\"async\" width=\"320\" height=\"202\" src=\"https:\/\/cfsottawa.ca\/wp-content\/uploads\/2023\/12\/forgetmenot-320x202.jpg\" class=\"attachment-blog-medium size-blog-medium lazyload wp-post-image\" alt=\"Forget me not flower against a blurred background\" srcset=\"data:image\/svg+xml,%3Csvg%20xmlns%3D%27http%3A%2F%2Fwww.w3.org%2F2000%2Fsvg%27%20width%3D%271333%27%20height%3D%27749%27%20viewBox%3D%270%200%201333%20749%27%3E%3Crect%20width%3D%271333%27%20height%3D%27749%27%20fill-opacity%3D%220%22%2F%3E%3C%2Fsvg%3E\" data-orig-src=\"https:\/\/cfsottawa.ca\/wp-content\/uploads\/2023\/12\/forgetmenot-320x202.jpg\" data-srcset=\"https:\/\/cfsottawa.ca\/wp-content\/uploads\/2023\/12\/forgetmenot-320x202.jpg 320w, https:\/\/cfsottawa.ca\/wp-content\/uploads\/2023\/12\/forgetmenot-700x441.jpg 700w\" data-sizes=\"auto\" \/><div class=\"fusion-rollover\">\n\t<div class=\"fusion-rollover-content\">\n\n\t\t\t\t\t\t\t\t\t\t\t\t\t\t<a class=\"fusion-rollover-link\" href=\"https:\/\/cfsottawa.ca\/fr\/declaration-sur-israel-hamas\/\">D\u00e9claration sur Isra\u00ebl-Hamas<\/a>\n\t\t\t\n\t\t\t\t\t\t\t\t\t\t\t\t\t\t\n\t\t\t\t\t\t\t\t\n\t\t\t\t\t\t\t\t\t\t\t\t\t<div class=\"fusion-rollover-sep\"><\/div>\n\t\t\t\t\n\t\t\t\t\t\t\t\t\t\t\t\t\t\t\t\t\t\t<a class=\"fusion-rollover-gallery\" href=\"https:\/\/cfsottawa.ca\/wp-content\/uploads\/2023\/12\/forgetmenot.jpg\" data-options=\"\" data-id=\"1493\" data-rel=\"iLightbox[gallery]\" data-title=\"forgetmenot\" data-caption=\"\">\n\t\t\t\t\t\tGallery\t\t\t\t\t<\/a>\n\t\t\t\t\t\t\t\t\t\t\t\t\t\t\n\t\t\n\t\t\t\t\t\t\t\t\t\t\t\t<h4 class=\"fusion-rollover-title\">\n\t\t\t\t\t<a class=\"fusion-rollover-title-link\" href=\"https:\/\/cfsottawa.ca\/fr\/declaration-sur-israel-hamas\/\">\n\t\t\t\t\t\tD\u00e9claration sur Isra\u00ebl-Hamas\t\t\t\t\t<\/a>\n\t\t\t\t<\/h4>\n\t\t\t\n\t\t\t\t\t\t\t\t\t\t<div class=\"fusion-rollover-categories\"><a href=\"https:\/\/cfsottawa.ca\/fr\/category\/non-classifiee\/\" rel=\"tag\">Non classifi\u00e9(e)<\/a><\/div>\t\t\t\t\t\n\t\t\n\t\t\t\t\t\t<a class=\"fusion-link-wrapper\" href=\"https:\/\/cfsottawa.ca\/fr\/declaration-sur-israel-hamas\/\" aria-label=\"D\u00e9claration sur Isra\u00ebl-Hamas\"><\/a>\n\t<\/div>\n<\/div>\n<\/div>\n<\/li>\n\t\t\t\n\t\t\t\n\t\t\t\t\t\t\t\t\t\t\t\t\t\t\t\t\t\t\t\t\t\t\t\t\t\t\t\t\t\t\t\t\t\t\t\t\t\t\t\t\t\t\t\t\t\t\t\t\t\t\t\t\t\t\t\t\t\t\t\t\t\t\t\t\t\t\t\t<\/ul>\n\t<\/div>\n\t<div class=\"fusion-post-content post-content\"><h2 class=\"blog-shortcode-post-title entry-title\"><a href=\"https:\/\/cfsottawa.ca\/fr\/declaration-sur-israel-hamas\/\">D\u00e9claration sur Isra\u00ebl-Hamas<\/a><\/h2><div class=\"fusion-post-content-container\"><p> SFC Ottawa souhaite la paix et la fin de la violence dans le conflit entre Isra\u00ebl et le Hamas. Nous sommes profond\u00e9ment attrist\u00e9s par la violence et les meurtres de civils en Isra\u00ebl et \u00e0 Gaza et nous sommes de tout c\u0153ur avec toutes les personnes touch\u00e9es par le conflit et la violence. Nous d\u00e9fendons le droit des personnes de pratiquer leur religion et leur foi librement. Nous d\u00e9fendons le droit de toute personne de vivre \u00e0 l\u2019abri de la violence, qu\u2019elle soit interpersonnelle ou qu\u2019elle s\u2019inscrive dans un contexte de guerre ou de conflit. Ce que nous sommes, d\u2019o\u00f9 nous venons et ce en quoi nous croyons sont des choses qui nous rendent magnifiques et uniques et qui construisent une communaut\u00e9 et un [...]<\/p><\/div><\/div><div class=\"fusion-clearfix\"><\/div><\/article>\n<article id=\"blog-1-post-1457\" class=\"fusion-post-medium post-1457 post type-post status-publish format-standard has-post-thumbnail hentry category-non-classifiee\">\n\t<style type=\"text\/css\">\n\t\t\n\t\t\n\t\t\n\t\t\n\t\t\t<\/style>\n\n\n\t\t\t<div class=\"fusion-flexslider flexslider fusion-flexslider-loading fusion-post-slideshow\" style=\"\">\n\t\t<ul class=\"slides\">\n\t\t\t\n\t\t\t\t\t\t\t\t\t\t\t\t\t\t<li><div  class=\"fusion-image-wrapper fusion-image-size-fixed\" aria-haspopup=\"true\">\n\t\t\t\t<img decoding=\"async\" width=\"320\" height=\"202\" src=\"https:\/\/cfsottawa.ca\/wp-content\/uploads\/2023\/12\/397462268_785267296946015_744374618304438404_n-320x202.jpg\" class=\"attachment-blog-medium size-blog-medium lazyload wp-post-image\" alt=\"Arabic text translation of English\" srcset=\"data:image\/svg+xml,%3Csvg%20xmlns%3D%27http%3A%2F%2Fwww.w3.org%2F2000%2Fsvg%27%20width%3D%27843%27%20height%3D%27852%27%20viewBox%3D%270%200%20843%20852%27%3E%3Crect%20width%3D%27843%27%20height%3D%27852%27%20fill-opacity%3D%220%22%2F%3E%3C%2Fsvg%3E\" data-orig-src=\"https:\/\/cfsottawa.ca\/wp-content\/uploads\/2023\/12\/397462268_785267296946015_744374618304438404_n-320x202.jpg\" data-srcset=\"https:\/\/cfsottawa.ca\/wp-content\/uploads\/2023\/12\/397462268_785267296946015_744374618304438404_n-320x202.jpg 320w, https:\/\/cfsottawa.ca\/wp-content\/uploads\/2023\/12\/397462268_785267296946015_744374618304438404_n-700x441.jpg 700w\" data-sizes=\"auto\" \/><div class=\"fusion-rollover\">\n\t<div class=\"fusion-rollover-content\">\n\n\t\t\t\t\t\t\t\t\t\t\t\t\t\t<a class=\"fusion-rollover-link\" href=\"https:\/\/cfsottawa.ca\/fr\/la-cliniqeu-de-counseling-san-rendez-vous-est-la-pour-vous-aider\/\">La clinique de counseling sans rendez-vous est l\u00e0 pour vous aider<\/a>\n\t\t\t\n\t\t\t\t\t\t\t\t\t\t\t\t\t\t\n\t\t\t\t\t\t\t\t\n\t\t\t\t\t\t\t\t\t\t\t\t\t<div class=\"fusion-rollover-sep\"><\/div>\n\t\t\t\t\n\t\t\t\t\t\t\t\t\t\t\t\t\t\t\t\t\t\t<a class=\"fusion-rollover-gallery\" href=\"https:\/\/cfsottawa.ca\/wp-content\/uploads\/2023\/12\/397462268_785267296946015_744374618304438404_n.jpg\" data-options=\"\" data-id=\"1457\" data-rel=\"iLightbox[gallery]\" data-title=\"397462268_785267296946015_744374618304438404_n\" data-caption=\"\">\n\t\t\t\t\t\tGallery\t\t\t\t\t<\/a>\n\t\t\t\t\t\t\t\t\t\t\t\t\t\t\n\t\t\n\t\t\t\t\t\t\t\t\t\t\t\t<h4 class=\"fusion-rollover-title\">\n\t\t\t\t\t<a class=\"fusion-rollover-title-link\" href=\"https:\/\/cfsottawa.ca\/fr\/la-cliniqeu-de-counseling-san-rendez-vous-est-la-pour-vous-aider\/\">\n\t\t\t\t\t\tLa clinique de counseling sans rendez-vous est l\u00e0 pour vous aider\t\t\t\t\t<\/a>\n\t\t\t\t<\/h4>\n\t\t\t\n\t\t\t\t\t\t\t\t\t\t<div class=\"fusion-rollover-categories\"><a href=\"https:\/\/cfsottawa.ca\/fr\/category\/non-classifiee\/\" rel=\"tag\">Non classifi\u00e9(e)<\/a><\/div>\t\t\t\t\t\n\t\t\n\t\t\t\t\t\t<a class=\"fusion-link-wrapper\" href=\"https:\/\/cfsottawa.ca\/fr\/la-cliniqeu-de-counseling-san-rendez-vous-est-la-pour-vous-aider\/\" aria-label=\"La clinique de counseling sans rendez-vous est l\u00e0 pour vous aider\"><\/a>\n\t<\/div>\n<\/div>\n<\/div>\n<\/li>\n\t\t\t\n\t\t\t\n\t\t\t\t\t\t\t\t\t\t\t\t\t\t\t\t\t\t\t\t\t\t\t\t\t\t\t\t\t\t\t\t\t\t\t\t\t\t\t\t\t\t\t\t\t\t\t\t\t\t\t\t\t\t\t\t\t\t\t\t\t\t\t\t\t\t\t\t<\/ul>\n\t<\/div>\n\t<div class=\"fusion-post-content post-content\"><h2 class=\"blog-shortcode-post-title entry-title\"><a href=\"https:\/\/cfsottawa.ca\/fr\/la-cliniqeu-de-counseling-san-rendez-vous-est-la-pour-vous-aider\/\">La clinique de counseling sans rendez-vous est l\u00e0 pour vous aider<\/a><\/h2><div class=\"fusion-post-content-container\"><p>Alors que nous naviguons dans la guerre d\u00e9chirante qui se d\u00e9roule au Moyen-Orient, de nombreux membres de notre communaut\u00e9 ont peur, sont en deuil et s'inqui\u00e8tent pour leurs proches. La clinique de counseling sans rendez-vous est l\u00e0\u00a0pour offrir un soutien \u00e9motionnel. Nous avons des conseillers parlant arabe, fran\u00e7ais et anglais disponibles pour vous \u00e9couter. Nos services sont gratuits.<\/p><\/div><\/div><div class=\"fusion-clearfix\"><\/div><\/article>\n<\/div><\/div><\/div><\/div><\/div><\/div><\/p>\n","protected":false},"excerpt":{"rendered":"","protected":false},"author":1,"featured_media":0,"parent":0,"menu_order":0,"comment_status":"closed","ping_status":"closed","template":"100-width.php","meta":{"_acf_changed":false,"footnotes":""},"class_list":["post-1486","page","type-page","status-publish","hentry"],"acf":[],"yoast_head":"<!-- This site is optimized with the Yoast SEO plugin v27.4 - https:\/\/yoast.com\/product\/yoast-seo-wordpress\/ -->\n<title>Nouvelles et mises \u00e0 jour - SFC Ottawa<\/title>\n<meta name=\"robots\" content=\"index, follow, max-snippet:-1, max-image-preview:large, max-video-preview:-1\" \/>\n<link rel=\"canonical\" href=\"https:\/\/cfsottawa.ca\/fr\/nouvelles\/\" \/>\n<meta property=\"og:locale\" content=\"fr_FR\" \/>\n<meta property=\"og:type\" content=\"article\" \/>\n<meta property=\"og:title\" content=\"Nouvelles et mises \u00e0 jour - SFC Ottawa\" \/>\n<meta property=\"og:url\" content=\"https:\/\/cfsottawa.ca\/fr\/nouvelles\/\" \/>\n<meta property=\"og:site_name\" content=\"SFC Ottawa\" \/>\n<meta property=\"article:publisher\" content=\"https:\/\/www.facebook.com\/CFSOttawa\" \/>\n<meta property=\"article:modified_time\" content=\"2023-12-01T19:38:50+00:00\" \/>\n<meta name=\"twitter:card\" content=\"summary_large_image\" \/>\n<meta name=\"twitter:site\" content=\"@cfs_ottawa\" \/>\n<meta name=\"twitter:label1\" content=\"Dur\u00e9e de lecture estim\u00e9e\" \/>\n\t<meta name=\"twitter:data1\" content=\"5 minutes\" \/>\n<script type=\"application\/ld+json\" class=\"yoast-schema-graph\">{\"@context\":\"https:\\\/\\\/schema.org\",\"@graph\":[{\"@type\":\"WebPage\",\"@id\":\"https:\\\/\\\/cfsottawa.ca\\\/fr\\\/nouvelles\\\/\",\"url\":\"https:\\\/\\\/cfsottawa.ca\\\/fr\\\/nouvelles\\\/\",\"name\":\"Nouvelles et mises \u00e0 jour - SFC Ottawa\",\"isPartOf\":{\"@id\":\"https:\\\/\\\/cfsottawa.ca\\\/#website\"},\"datePublished\":\"2023-12-01T08:42:14+00:00\",\"dateModified\":\"2023-12-01T19:38:50+00:00\",\"inLanguage\":\"fr-FR\",\"potentialAction\":[{\"@type\":\"ReadAction\",\"target\":[\"https:\\\/\\\/cfsottawa.ca\\\/fr\\\/nouvelles\\\/\"]}]},{\"@type\":\"WebSite\",\"@id\":\"https:\\\/\\\/cfsottawa.ca\\\/#website\",\"url\":\"https:\\\/\\\/cfsottawa.ca\\\/\",\"name\":\"SFC Ottawa\",\"description\":\"Soutien communautaire pour les individus de tous \u00e2ges, les couples et les familles et soutien aux survivantes de la violence fond\u00e9e sur le genre.\",\"publisher\":{\"@id\":\"https:\\\/\\\/cfsottawa.ca\\\/#organization\"},\"potentialAction\":[{\"@type\":\"SearchAction\",\"target\":{\"@type\":\"EntryPoint\",\"urlTemplate\":\"https:\\\/\\\/cfsottawa.ca\\\/?s={search_term_string}\"},\"query-input\":{\"@type\":\"PropertyValueSpecification\",\"valueRequired\":true,\"valueName\":\"search_term_string\"}}],\"inLanguage\":\"fr-FR\"},{\"@type\":\"Organization\",\"@id\":\"https:\\\/\\\/cfsottawa.ca\\\/#organization\",\"name\":\"CFS Ottawa\",\"url\":\"https:\\\/\\\/cfsottawa.ca\\\/\",\"logo\":{\"@type\":\"ImageObject\",\"inLanguage\":\"fr-FR\",\"@id\":\"https:\\\/\\\/cfsottawa.ca\\\/#\\\/schema\\\/logo\\\/image\\\/\",\"url\":\"https:\\\/\\\/cfsottawa.ca\\\/wp-content\\\/uploads\\\/2023\\\/01\\\/CFSOttawa_400px-1.svg\",\"contentUrl\":\"https:\\\/\\\/cfsottawa.ca\\\/wp-content\\\/uploads\\\/2023\\\/01\\\/CFSOttawa_400px-1.svg\",\"width\":400,\"height\":400,\"caption\":\"CFS Ottawa\"},\"image\":{\"@id\":\"https:\\\/\\\/cfsottawa.ca\\\/#\\\/schema\\\/logo\\\/image\\\/\"},\"sameAs\":[\"https:\\\/\\\/www.facebook.com\\\/CFSOttawa\",\"https:\\\/\\\/x.com\\\/cfs_ottawa\",\"https:\\\/\\\/www.instagram.com\\\/cfsottawa\\\/\"]}]}<\/script>\n<!-- \/ Yoast SEO plugin. -->","yoast_head_json":{"title":"Nouvelles et mises \u00e0 jour - SFC Ottawa","robots":{"index":"index","follow":"follow","max-snippet":"max-snippet:-1","max-image-preview":"max-image-preview:large","max-video-preview":"max-video-preview:-1"},"canonical":"https:\/\/cfsottawa.ca\/fr\/nouvelles\/","og_locale":"fr_FR","og_type":"article","og_title":"Nouvelles et mises \u00e0 jour - SFC Ottawa","og_url":"https:\/\/cfsottawa.ca\/fr\/nouvelles\/","og_site_name":"SFC Ottawa","article_publisher":"https:\/\/www.facebook.com\/CFSOttawa","article_modified_time":"2023-12-01T19:38:50+00:00","twitter_card":"summary_large_image","twitter_site":"@cfs_ottawa","twitter_misc":{"Dur\u00e9e de lecture estim\u00e9e":"5 minutes"},"schema":{"@context":"https:\/\/schema.org","@graph":[{"@type":"WebPage","@id":"https:\/\/cfsottawa.ca\/fr\/nouvelles\/","url":"https:\/\/cfsottawa.ca\/fr\/nouvelles\/","name":"Nouvelles et mises \u00e0 jour - SFC Ottawa","isPartOf":{"@id":"https:\/\/cfsottawa.ca\/#website"},"datePublished":"2023-12-01T08:42:14+00:00","dateModified":"2023-12-01T19:38:50+00:00","inLanguage":"fr-FR","potentialAction":[{"@type":"ReadAction","target":["https:\/\/cfsottawa.ca\/fr\/nouvelles\/"]}]},{"@type":"WebSite","@id":"https:\/\/cfsottawa.ca\/#website","url":"https:\/\/cfsottawa.ca\/","name":"SFC Ottawa","description":"Soutien communautaire pour les individus de tous \u00e2ges, les couples et les familles et soutien aux survivantes de la violence fond\u00e9e sur le genre.","publisher":{"@id":"https:\/\/cfsottawa.ca\/#organization"},"potentialAction":[{"@type":"SearchAction","target":{"@type":"EntryPoint","urlTemplate":"https:\/\/cfsottawa.ca\/?s={search_term_string}"},"query-input":{"@type":"PropertyValueSpecification","valueRequired":true,"valueName":"search_term_string"}}],"inLanguage":"fr-FR"},{"@type":"Organization","@id":"https:\/\/cfsottawa.ca\/#organization","name":"CFS Ottawa","url":"https:\/\/cfsottawa.ca\/","logo":{"@type":"ImageObject","inLanguage":"fr-FR","@id":"https:\/\/cfsottawa.ca\/#\/schema\/logo\/image\/","url":"https:\/\/cfsottawa.ca\/wp-content\/uploads\/2023\/01\/CFSOttawa_400px-1.svg","contentUrl":"https:\/\/cfsottawa.ca\/wp-content\/uploads\/2023\/01\/CFSOttawa_400px-1.svg","width":400,"height":400,"caption":"CFS Ottawa"},"image":{"@id":"https:\/\/cfsottawa.ca\/#\/schema\/logo\/image\/"},"sameAs":["https:\/\/www.facebook.com\/CFSOttawa","https:\/\/x.com\/cfs_ottawa","https:\/\/www.instagram.com\/cfsottawa\/"]}]}},"_links":{"self":[{"href":"https:\/\/cfsottawa.ca\/fr\/wp-json\/wp\/v2\/pages\/1486","targetHints":{"allow":["GET"]}}],"collection":[{"href":"https:\/\/cfsottawa.ca\/fr\/wp-json\/wp\/v2\/pages"}],"about":[{"href":"https:\/\/cfsottawa.ca\/fr\/wp-json\/wp\/v2\/types\/page"}],"author":[{"embeddable":true,"href":"https:\/\/cfsottawa.ca\/fr\/wp-json\/wp\/v2\/users\/1"}],"replies":[{"embeddable":true,"href":"https:\/\/cfsottawa.ca\/fr\/wp-json\/wp\/v2\/comments?post=1486"}],"version-history":[{"count":3,"href":"https:\/\/cfsottawa.ca\/fr\/wp-json\/wp\/v2\/pages\/1486\/revisions"}],"predecessor-version":[{"id":1499,"href":"https:\/\/cfsottawa.ca\/fr\/wp-json\/wp\/v2\/pages\/1486\/revisions\/1499"}],"wp:attachment":[{"href":"https:\/\/cfsottawa.ca\/fr\/wp-json\/wp\/v2\/media?parent=1486"}],"curies":[{"name":"wp","href":"https:\/\/api.w.org\/{rel}","templated":true}]}}